{"id":24,"date":"2009-11-18T16:40:39","date_gmt":"2009-11-18T15:40:39","guid":{"rendered":"http:\/\/www.critical-mass-freiburg.de\/blog\/?page_id=24"},"modified":"2019-10-27T00:23:18","modified_gmt":"2019-10-26T23:23:18","slug":"links","status":"publish","type":"page","link":"https:\/\/www.critical-mass-freiburg.de\/?page_id=24","title":{"rendered":"Links"},"content":{"rendered":"<h4><span style=\"font-family: arial,helvetica,sans-serif;\">Viele interessante Infos und Hintergr\u00fcnde gibts hier:<\/span><\/h4>\n<div id=\"linkcat-4\">\n<div>\n<ul>\n<li><a title=\"Viva la Velorution!\" href=\"http:\/\/cmberlin.blogsport.de\/critical-mass\/\" target=\"_blank\" rel=\"noopener\">CM Berlin<\/a><\/li>\n<li><a href=\"http:\/\/www.criticalmass-bremen.de\/\">CM Bremen<\/a><\/li>\n<li><a href=\"http:\/\/velolove.me\/cmdo\/\">CM Dortmund<\/a><\/li>\n<li><a href=\"http:\/\/criticalmassduesseldorf.blogsport.de\/\">CM D\u00fcsseldorf<\/a><\/li>\n<li><a href=\"https:\/\/www.facebook.com\/critical.mass.essen\">CM Essen<\/a><\/li>\n<li><a title=\"Was ist Critical Mass? Ein weltweiter Zufall: In vielen St\u00e4dten der Welt treffen sich RadfahrerInnen und fahren gemeinsam die gleiche Strecke durch ihre Stadt. Organisation? Es gibt keine! Critical Mass organisiert sich von selbst.\" href=\"http:\/\/www.critical-mass-frankfurt.de\/\" target=\"_blank\" rel=\"noopener\">CM Frankfurt<\/a><\/li>\n<li><a title=\"Mehr Fahrr\u00e4der, weniger Autos = lebenswerte Stadt!\" href=\"http:\/\/www.criticalmass-hamburg.de\/\" target=\"_blank\" rel=\"noopener\">CM Hamburg<\/a><\/li>\n<li><a title=\"Die Masse lebt von allen, auch von Dir!\" href=\"https:\/\/criticalmasshannover.wordpress.com\/\" target=\"_blank\" rel=\"noopener\">CM Hannover<\/a><\/li>\n<li><a href=\"https:\/\/www.facebook.com\/critical.masskassel\">CM Kassel<\/a><\/li>\n<li><a href=\"http:\/\/www.criticalmasskoblenz.blogspot.de\/\">CM Koblenz<\/a><\/li>\n<li><a href=\"http:\/\/www.critical-mass-cologne.de\/\">CM K\u00f6ln<\/a><\/li>\n<li><a href=\"https:\/\/www.facebook.com\/CMKonstanz\">CM Konstanz<\/a><\/li>\n<li><a href=\"http:\/\/criticalmasskiel.wordpress.com\/\">CM Kiel<\/a><\/li>\n<li><a href=\"https:\/\/twitter.com\/cmleipzig\" target=\"_blank\" rel=\"noopener\">CM Leipzig<\/a><\/li>\n<li><a href=\"https:\/\/www.facebook.com\/pages\/Critical-Mass-Mainz\/208442822648137\">CM Mainz<\/a><\/li>\n<li><a href=\"http:\/\/criticalmassmannheim.blogspot.com\/\" target=\"_blank\" rel=\"me noopener\">CM Mannheim<\/a><\/li>\n<li><a href=\"http:\/\/criticalmass-muenchen.de\/\">CM M\u00fcnchen<\/a><\/li>\n<li><a href=\"https:\/\/www.facebook.com\/CriticalMassNurnberg\">CM N\u00fcrnberg<\/a><\/li>\n<li><a href=\"http:\/\/criticalmassoldenburg.blogsport.de\/\">CM Oldenburg<\/a><\/li>\n<li><a href=\"https:\/\/twitter.com\/cm_Osnabrueck\">CM Osnabr\u00fcck<\/a><\/li>\n<li><a title=\"Wir sind \u00f6kologisch, leise, lebenswert, platzsparend, lustig, \u00f6konomisch, sexy, engagiert.\" href=\"http:\/\/www.criticalmass.at\/\" target=\"_blank\" rel=\"noopener\">CM \u00d6sterreich<\/a><\/li>\n<li><a href=\"https:\/\/www.facebook.com\/CriticalMassRostock\">CM Rostock<\/a><\/li>\n<li><a title=\"Fahrr\u00e4der in Stuttgart\" href=\"http:\/\/criticalmassstuttgart.wordpress.com\/\">CM Stuttgart<\/a><\/li>\n<li><a href=\"http:\/\/cmwpt.wordpress.com\/\">CM Wuppertal<\/a><\/li>\n<\/ul>\n<p>Fahrrad in Freiburg:<\/p>\n<ul>\n<li><a href=\"https:\/\/fr-entscheid.de\">Fu\u00df- und Radentscheid Freiburg<\/a><\/li>\n<li><a href=\"http:\/\/www.besser-unterwegs-in-freiburg.de\/\">Besser-unterwegs-in-Freiburg<\/a><\/li>\n<li><a title=\"Allgemeiner Deutscher Fahrrad-Club, Freiburg\" href=\"http:\/\/www.adfc-bw.de\/freiburg\">Freiburg: ADFC<\/a><\/li>\n<li><a title=\"Verkehrsclub Deutschland, Regionalverband S\u00fcdlicher Oberrhein\" href=\"http:\/\/www.vcd.org\/vorort\/suedlicher-oberrhein\">Freiburg: VCD<\/a><\/li>\n<li><a title=\"Infos, Faltbl\u00e4tter, Brosch\u00fcren f\u00fcr FahrradfahrerInnen und \u00d6PNV \u2013 Region S\u00fcdbaden und Elsass\" href=\"http:\/\/www.vcd.org\/vorort\/suedlicher-oberrhein\/service\/mobilitaetsberatung\/neu-im-angebot\/\" target=\"_blank\" rel=\"noopener\">Mobilit\u00e4tszentrale Freiburg: Angebot<\/a><\/li>\n<li><a href=\"http:\/\/www.fkk-freiburg.org\">Fahrrad- und Kurierkumpel Freiburg e.V. (FKK Freiburg)<\/a><\/li>\n<\/ul>\n<p>wo alles begann:<\/p>\n<ul>\n<li><a title=\"\u2026 where it all began \u2013 wo alles anfing \u2026\" href=\"http:\/\/www.sfcriticalmass.org\/\" target=\"_blank\" rel=\"noopener\">CM San Francisco<\/a><\/li>\n<\/ul>\n<p>sonstiges:<\/p>\n<ul>\n<li><a href=\"http:\/\/itstartedwithafight.de\/critical-mass-deutschland\/\">CMs in Deutschland<\/a><\/li>\n<li><a title=\"Wir behindern nicht den Verkehr, wir sind der Verkehr! Critical Mass \u2013 der organisierte Zufall.\" href=\"http:\/\/www.critical-mass.de\/links.html\" target=\"_blank\" rel=\"noopener\">CM de Links<\/a><\/li>\n<li><a title=\"Dieser Artikel ist eine \u00dcbersetzung des englischsprachigen Wikipedia-Artikels Critical Mass.\" href=\"http:\/\/criticalmass.wikia.com\/wiki\/De:Critical_Mass_%28English_Wikipedia_article%29\" target=\"_blank\" rel=\"noopener\">CM Wiki (de. \u00fcbersetzt)<\/a><\/li>\n<li><a title=\"Vive la velorution!\" href=\"http:\/\/criticalmass.wikia.com\/wiki\/Main_Page\" target=\"_blank\" rel=\"noopener\">CM Wiki (engl.)<\/a><\/li>\n<li><a title=\"\u201cCritical mass (Kritische Masse) ist eine international verwendete Aktionsform, bei der sich \u2026\u201d\" href=\"http:\/\/de.wikipedia.org\/wiki\/Critical_Mass_%28Protestform%29\" target=\"_blank\" rel=\"noopener\">CM Wikipedia (de.)<\/a><\/li>\n<li><a title=\"Critical Mass is a bicycling event typically held on the last Friday of every month in over 300 cities around the world.\" href=\"http:\/\/en.wikipedia.org\/wiki\/Critical_Mass\" target=\"_blank\" rel=\"noopener\">CM Wikipedia (engl.)<\/a><\/li>\n<li><a href=\"http:\/\/www.urbanist-magazin.de\/\">Urbanist<\/a><\/li>\n<li><a href=\"http:\/\/www.clevere-staedte.de\/\">Initiative Clevere St\u00e4dte<\/a><\/li>\n<\/ul>\n<\/div>\n<\/div>\n","protected":false},"excerpt":{"rendered":"<p>Viele interessante Infos und Hintergr\u00fcnde gibts hier: CM Berlin CM Bremen CM Dortmund CM D\u00fcsseldorf CM Essen CM Frankfurt CM Hamburg CM Hannover CM Kassel CM Koblenz CM K\u00f6ln CM Konstanz CM Kiel CM Leipzig CM Mainz CM Mannheim CM&hellip;<\/p>\n<p class=\"more-link-p\"><a class=\"more-link\" href=\"https:\/\/www.critical-mass-freiburg.de\/?page_id=24\">Read more &rarr;<\/a><\/p>\n","protected":false},"author":1,"featured_media":0,"parent":0,"menu_order":5,"comment_status":"closed","ping_status":"closed","template":"","meta":{"ngg_post_thumbnail":0},"_links":{"self":[{"href":"https:\/\/www.critical-mass-freiburg.de\/index.php?rest_route=\/wp\/v2\/pages\/24"}],"collection":[{"href":"https:\/\/www.critical-mass-freiburg.de\/index.php?rest_route=\/wp\/v2\/pages"}],"about":[{"href":"https:\/\/www.critical-mass-freiburg.de\/index.php?rest_route=\/wp\/v2\/types\/page"}],"author":[{"embeddable":true,"href":"https:\/\/www.critical-mass-freiburg.de\/index.php?rest_route=\/wp\/v2\/users\/1"}],"replies":[{"embeddable":true,"href":"https:\/\/www.critical-mass-freiburg.de\/index.php?rest_route=%2Fwp%2Fv2%2Fcomments&post=24"}],"version-history":[{"count":52,"href":"https:\/\/www.critical-mass-freiburg.de\/index.php?rest_route=\/wp\/v2\/pages\/24\/revisions"}],"predecessor-version":[{"id":1116,"href":"https:\/\/www.critical-mass-freiburg.de\/index.php?rest_route=\/wp\/v2\/pages\/24\/revisions\/1116"}],"wp:attachment":[{"href":"https:\/\/www.critical-mass-freiburg.de\/index.php?rest_route=%2Fwp%2Fv2%2Fmedia&parent=24"}],"curies":[{"name":"wp","href":"https:\/\/api.w.org\/{rel}","templated":true}]}}